{"id":9,"date":"2014-10-01T11:59:48","date_gmt":"2014-10-01T11:59:48","guid":{"rendered":"http:\/\/www.brandexponents.com\/oshin\/v9\/?page_id=9"},"modified":"2025-02-02T12:10:06","modified_gmt":"2025-02-02T11:10:06","slug":"atelier","status":"publish","type":"page","link":"https:\/\/atelierclaverol.com\/index.php\/atelier\/","title":{"rendered":"Atelier"},"content":{"rendered":"<div  class=\"tatsu-fqp90pf89idv9o75 tatsu-section    tatsu-clearfix\" data-title=\"\"  data-headerscheme=\"background--light\"><div class='tatsu-section-pad clearfix' data-padding='{\"d\":\"200px 0% 80px 0%\",\"m\":\"150px 0% 80px 0%\"}' data-padding-top='150px'><div class=\"tatsu-row-wrap  tatsu-wrap tatsu-row-has-one-half tatsu-row-has-two-cols tatsu-zero-margin tatsu-medium-gutter tatsu-reg-cols  tatsu-clearfix tatsu-fqp90pf8axf7n351\" ><div  class=\"tatsu-row \" ><div  class=\"tatsu-column  tatsu-column-no-bg tatsu-one-half tatsu-column-image-none tatsu-column-effect-none  tatsu-fqp90pf8b9av92uz\"  data-parallax-speed=\"0\" style=\"\"><div class=\"tatsu-column-inner \" ><div class=\"tatsu-column-pad-wrap\"><div class=\"tatsu-column-pad\" ><div  class=\"tatsu-module tatsu-inline-text clearfix tatsu-SyG_COzt0   \" ><style>.tatsu-SyG_COzt0 .tatsu-inline-text-inner{width: 100%;text-align: left;}@media only screen and (max-width: 767px) {.tatsu-SyG_COzt0 .tatsu-inline-text-inner{width: 100%;}}<\/style><div class=\"tatsu-inline-text-inner tatsu-align-center\">\n<h5>A propos<\/h5>\n<\/div><\/div><div  class=\"tatsu-module tatsu-inline-text clearfix tatsu-Sy9t0_GKR   \" ><style>.tatsu-Sy9t0_GKR .tatsu-inline-text-inner{width: 100%;text-align: left;}@media only screen and (max-width: 767px) {.tatsu-Sy9t0_GKR .tatsu-inline-text-inner{width: 100%;}}<\/style><div class=\"tatsu-inline-text-inner tatsu-align-center\">\n<p>\u00a0\u00bb Qu&rsquo;est-ce qu&rsquo;un d\u00e9tail ? Il est vrai qu&rsquo;un d\u00e9tail est une partie d&rsquo;un tout, et par extension, on y fait r\u00e9f\u00e9rence comme la repr\u00e9sentation d&rsquo;une partie de ce tout&#8230; Mais les d\u00e9tails poss\u00e8dent leur propre identit\u00e9, leur propre composition. Et le plus int\u00e9ressant, est qu&rsquo;il existe un dialogue entre le d\u00e9tail et le tout. Les d\u00e9tails donnent l&rsquo;\u00e9chelle, servent d&rsquo;interm\u00e9diaires entre l&rsquo;observateur et l&rsquo;id\u00e9e globale du projet. Les d\u00e9tails ont le pouvoir de confirmer les intentions qui donnent vie \u00e0 la composition g\u00e9n\u00e9rale \u00ab\u00a0<\/p>\n<\/div><\/div><div  class=\"tatsu-module tatsu-inline-text clearfix tatsu-B1g90OMtR   \" ><style>.tatsu-B1g90OMtR .tatsu-inline-text-inner{width: 100%;text-align: left;}@media only screen and (max-width: 767px) {.tatsu-B1g90OMtR .tatsu-inline-text-inner{width: 100%;}}<\/style><div class=\"tatsu-inline-text-inner tatsu-align-center\">\n<h1>Marianne VERDOUX &#8211; Architecte DPLG<\/h1>\n<\/div><\/div><div  class=\"tatsu-module tatsu-inline-text clearfix tatsu-SJB3AuMYA   \" ><style>.tatsu-SJB3AuMYA .tatsu-inline-text-inner{width: 100%;text-align: left;}@media only screen and (max-width: 767px) {.tatsu-SJB3AuMYA .tatsu-inline-text-inner{width: 100%;}}<\/style><div class=\"tatsu-inline-text-inner tatsu-align-center\">\n<p>Marianne VERDOUX est une architecte DPLG diplom\u00e9e de l&rsquo;\u00c9cole Nationale Sup\u00e9rieure d&rsquo;Architecture et de Paysage de Bordeaux, en 2006<span style=\"font-size: 13px; font-family: Raleway, -apple-system, BlinkMacSystemFont, 'Segoe UI', Roboto, Oxygen-Sans, Ubuntu, Cantarell, 'Helvetica Neue', sans-serif; letter-spacing: 0px;\">. A ce titre, elle s&rsquo;est engag\u00e9e \u00e0 respecter la charte d\u00e9ontologique aupr\u00e8s de l&rsquo;ordre des architectes. Cela signifie que son engagement, mais aussi son devoir d&rsquo;architecte se place au service de son client. Ce \u00e0 quoi elle s&rsquo;applique avec passion depuis plus de 18 ans.<\/span><\/p>\n<\/div><\/div><div  class=\"tatsu-module tatsu-inline-text clearfix tatsu-HkESX9fK0   \" ><style>.tatsu-HkESX9fK0 .tatsu-inline-text-inner{width: 100%;text-align: left;}@media only screen and (max-width: 767px) {.tatsu-HkESX9fK0 .tatsu-inline-text-inner{width: 100%;}}<\/style><div class=\"tatsu-inline-text-inner tatsu-align-center\">\n<h1>Jordi MAS SANTAMAR\u00cdA &#8211; Conducteur de travaux\u00a0<\/h1>\n<\/div><\/div><div  class=\"tatsu-module tatsu-inline-text clearfix tatsu-By0r75MY0   \" ><style>.tatsu-By0r75MY0 .tatsu-inline-text-inner{width: 100%;text-align: left;}@media only screen and (max-width: 767px) {.tatsu-By0r75MY0 .tatsu-inline-text-inner{width: 100%;}}<\/style><div class=\"tatsu-inline-text-inner tatsu-align-center\">\n<p>Texte en cours d&rsquo;\u00e9criture &#8230;<\/p>\n<\/div><\/div><\/div><\/div><div class = \"tatsu-column-bg-image-wrap\"><div class = \"tatsu-column-bg-image\" ><\/div><\/div><\/div><style>.tatsu-row > .tatsu-fqp90pf8b9av92uz.tatsu-column{width: 59%;}.tatsu-fqp90pf8b9av92uz.tatsu-column > .tatsu-column-inner > .tatsu-column-pad-wrap > .tatsu-column-pad{padding: 0px 0px 0px 20px;}.tatsu-fqp90pf8b9av92uz.tatsu-column{margin: 0px 0px 30px 0px !important;}.tatsu-fqp90pf8b9av92uz.tatsu-column > .tatsu-column-inner > .tatsu-column-overlay{mix-blend-mode: none;}.tatsu-fqp90pf8b9av92uz > .tatsu-column-inner > .tatsu-top-divider{z-index: 9999;}.tatsu-fqp90pf8b9av92uz > .tatsu-column-inner > .tatsu-bottom-divider{z-index: 9999;}.tatsu-fqp90pf8b9av92uz > .tatsu-column-inner > .tatsu-left-divider{z-index: 9999;}.tatsu-fqp90pf8b9av92uz > .tatsu-column-inner > .tatsu-right-divider{z-index: 9999;}@media only screen and (max-width: 767px) {.tatsu-row > .tatsu-fqp90pf8b9av92uz.tatsu-column{width: 100%;}}<\/style><\/div><div  class=\"tatsu-column  tatsu-column-no-bg tatsu-one-half tatsu-column-image-none tatsu-column-effect-none  tatsu-fqp90pf8lkf9ghsx\"  data-parallax-speed=\"0\" style=\"\"><div class=\"tatsu-column-inner \" ><div class=\"tatsu-column-pad-wrap\"><div class=\"tatsu-column-pad\" ><div  class=\"tatsu-single-image tatsu-module tatsu-image-lazyload tatsu-Syc4fAhdJg  \" ><div class=\"tatsu-single-image-inner \" style=\"width : 1024px;\" ><div class = \"tatsu-single-image-padding-wrap\" style = \"padding-bottom : 148.2421875%;\" ><\/div><img class = \"tatsu-gradient-border\" alt = \"\" title = \"animiertes-gif-von-online-umwandeln-de (1)\" data-src = \"https:\/\/atelierclaverol.com\/wp-content\/uploads\/2025\/02\/animiertes-gif-von-online-umwandeln-de-1.gif\" src =\"data:image\/png;base64,iVBORw0KGgoAAAANSUhEUgAAAAEAAAABCAQAAAC1HAwCAAAAC0lEQVR42mNkYAAAAAYAAjCB0C8AAAAASUVORK5CYII=\"  \/><\/div><style>.tatsu-Syc4fAhdJg .tatsu-single-image-inner{border-style: solid;max-width: 100%;}.tatsu-Syc4fAhdJg.tatsu-single-image{transform: translate3d(0px,0px, 0);}<\/style><\/div><\/div><\/div><div class = \"tatsu-column-bg-image-wrap\"><div class = \"tatsu-column-bg-image\" ><\/div><\/div><\/div><style>.tatsu-row > .tatsu-fqp90pf8lkf9ghsx.tatsu-column{width: 41%;}.tatsu-fqp90pf8lkf9ghsx.tatsu-column > .tatsu-column-inner > .tatsu-column-overlay{mix-blend-mode: none;}.tatsu-fqp90pf8lkf9ghsx > .tatsu-column-inner > .tatsu-top-divider{z-index: 9999;}.tatsu-fqp90pf8lkf9ghsx > .tatsu-column-inner > .tatsu-bottom-divider{z-index: 9999;}.tatsu-fqp90pf8lkf9ghsx > .tatsu-column-inner > .tatsu-left-divider{z-index: 9999;}.tatsu-fqp90pf8lkf9ghsx > .tatsu-column-inner > .tatsu-right-divider{z-index: 9999;}@media only screen and (max-width: 767px) {.tatsu-row > .tatsu-fqp90pf8lkf9ghsx.tatsu-column{width: 100%;}}<\/style><\/div><\/div><\/div><div class=\"tatsu-row-wrap  tatsu-wrap tatsu-row-has-one-half tatsu-row-has-two-cols tatsu-medium-gutter tatsu-reg-cols tatsu-animate tatsu-clearfix tatsu-BJg5XNjzF0\" data-animation=\"fadeInLeft\"  ><style>.tatsu-BJg5XNjzF0.tatsu-row-wrap > .tatsu-row{padding: 30px 0px 0px 0px;}<\/style><div id = \"contact\" class=\"tatsu-row \" ><div  class=\"tatsu-column  tatsu-bg-overlay tatsu-one-half tatsu-column-image-none tatsu-column-effect-none  tatsu-Bk074iMt0\"  data-parallax-speed=\"0\" style=\"\"><div class=\"tatsu-column-inner \" ><div class=\"tatsu-column-pad-wrap\"><div class=\"tatsu-column-pad\" >            <div  class = \"tatsu-module tatsu-icon_card  tatsu-rySEVjMY0   tatsu-icon_card-type-icon tatsu-icon_card-style1 tatsu-icon_card-align-left tatsu-icon_card-vertical-align-top tatsu-icon_tiny\" data-animation=\"fadeInLeft\"  >\n                <style>.tatsu-rySEVjMY0 .tatsu-icon{color: rgba(0,0,0,0.8) ;}.tatsu-rySEVjMY0 .tatsu-icon_card-title, .tatsu-rySEVjMY0 .tatsu-icon_card-title a{color: #222222 ;}.tatsu-rySEVjMY0.tatsu-module{margin: 0 0 30px 0;}<\/style>                                    <div class = \"tatsu-icon_card-icon \">\n                                                    <i aria-label = \"Fa faphone\" class = \"tatsu-icon fa fa-phone\">\n                            <\/i>\n                                            <\/div>\n                                                    <div class = \"tatsu-icon_card-title-caption\">\n                                                    <div class = \"tatsu-icon_card-title sub_title\">\n\t\t\t\t\t\t\tT\u00e9l\u00e9phone                            <\/div>\n                                                                            <div class = \"tatsu-icon_card-caption body\">\n                                \n<div class=\"page\" title=\"Page 2\">\n<div class=\"layoutArea\">\n<div class=\"column\">\n<p>+ 33 (0)6 68 90 19 31<\/p>\n<\/div>\n<\/div>\n<\/div>\n                            <\/div>\n                                            <\/div>\n                            <\/div>\n                <div  class = \"tatsu-module tatsu-icon_card  tatsu-rJZi4oMtA   tatsu-icon_card-type-icon tatsu-icon_card-style1 tatsu-icon_card-align-left tatsu-icon_card-vertical-align-top tatsu-icon_tiny\" data-animation=\"fadeInLeft\"  data-animation-duration=\"320\">\n                <style>.tatsu-rJZi4oMtA .tatsu-icon{color: rgba(0,0,0,0.8) ;}.tatsu-rJZi4oMtA .tatsu-icon_card-title, .tatsu-rJZi4oMtA .tatsu-icon_card-title a{color: #222222 ;}.tatsu-rJZi4oMtA.tatsu-module{margin: 0 0 30px 0;}<\/style>                                    <div class = \"tatsu-icon_card-icon \">\n                                                    <i aria-label = \" paperplane\" class = \"tatsu-icon icon-paperplane\">\n                            <\/i>\n                                            <\/div>\n                                                    <div class = \"tatsu-icon_card-title-caption\">\n                                                    <div class = \"tatsu-icon_card-title sub_title\">\n\t\t\t\t\t\t\t                                <a href = \"mailto:contact@atelierclaverol.com\"  >\n                                    Mail                                <\/a>\n\t\t\t\t\t\t\t                            <\/div>\n                                                                            <div class = \"tatsu-icon_card-caption body\">\n                                \n<div class=\"page\" title=\"Page 2\">\n<div class=\"layoutArea\">\n<div class=\"column\">\n<p><a href=\"mailto:contact@atelierclaverol.com\">contact@atelierclaverol.com<\/a><\/p>\n<\/div>\n<\/div>\n<\/div>\n                            <\/div>\n                                            <\/div>\n                            <\/div>\n                <div  class = \"tatsu-module tatsu-icon_card  tatsu-Bkexi4iMYR   tatsu-icon_card-type-icon tatsu-icon_card-style1 tatsu-icon_card-align-left tatsu-icon_card-vertical-align-top tatsu-icon_tiny\" data-animation=\"fadeInLeft\"  data-animation-duration=\"340\">\n                <style>.tatsu-Bkexi4iMYR .tatsu-icon{color: rgba(0,0,0,0.8) ;}.tatsu-Bkexi4iMYR .tatsu-icon_card-title, .tatsu-Bkexi4iMYR .tatsu-icon_card-title a{color: #222222 ;}.tatsu-Bkexi4iMYR.tatsu-module{margin: 0 0 30px 0;}<\/style>                                    <div class = \"tatsu-icon_card-icon \">\n                                                    <i aria-label = \"  locationpin\" class = \"tatsu-icon tatsu-icon-location-pin\">\n                            <\/i>\n                                            <\/div>\n                                                    <div class = \"tatsu-icon_card-title-caption\">\n                                                    <div class = \"tatsu-icon_card-title sub_title\">\n\t\t\t\t\t\t\t                                <a href = \"https:\/\/www.google.com\/maps\/place\/ATELIER+CLAVEROL\/@43.4821035,-1.4872043,17z\/data=!3m1!4b1!4m6!3m5!1s0xd51407ce3a895f5:0x58de70e9d973966!8m2!3d43.4821035!4d-1.4846294!16s%2Fg%2F1q62ksz_4?entry=ttu\" target=\"_blank\" >\n                                    Adresse                                <\/a>\n\t\t\t\t\t\t\t                            <\/div>\n                                                                            <div class = \"tatsu-icon_card-caption body\">\n                                \n<div class=\"page\" title=\"Page 2\">\n<div class=\"layoutArea\">\n<div class=\"column\"><a style=\"color: grey;\" href=\"https:\/\/www.google.com\/maps\/place\/ATELIER+CLAVEROL\/@43.4821035,-1.4872043,17z\/data=!3m1!4b1!4m6!3m5!1s0xd51407ce3a895f5:0x58de70e9d973966!8m2!3d43.4821035!4d-1.4846294!16s%2Fg%2F1q62ksz_4?entry=ttu\" target=\"_blank\" rel=\"noopener\">Bayonne<\/a><\/div>\n<\/div>\n<\/div>\n                            <\/div>\n                                            <\/div>\n                            <\/div>\n    <\/div><\/div><div class = \"tatsu-column-bg-image-wrap\"><div class = \"tatsu-column-bg-image\" ><\/div><\/div><div class=\"tatsu-overlay tatsu-column-overlay tatsu-animate-none\" ><\/div><\/div><style>.tatsu-row > .tatsu-Bk074iMt0.tatsu-column{width: 50%;}.tatsu-Bk074iMt0.tatsu-column > .tatsu-column-inner > .tatsu-column-pad-wrap > .tatsu-column-pad{padding: 0px 0px 0px 20px;}.tatsu-Bk074iMt0.tatsu-column > .tatsu-column-inner > .tatsu-column-overlay{mix-blend-mode: normal;}.tatsu-Bk074iMt0 > .tatsu-column-inner > .tatsu-top-divider{z-index: 9999;}.tatsu-Bk074iMt0 > .tatsu-column-inner > .tatsu-bottom-divider{z-index: 9999;}.tatsu-Bk074iMt0 > .tatsu-column-inner > .tatsu-left-divider{z-index: 9999;}.tatsu-Bk074iMt0 > .tatsu-column-inner > .tatsu-right-divider{z-index: 9999;}@media only screen and (max-width:1377px) {.tatsu-row > .tatsu-Bk074iMt0.tatsu-column{width: 50%;}}@media only screen and (min-width:768px) and (max-width: 1024px) {.tatsu-row > .tatsu-Bk074iMt0.tatsu-column{width: 50%;}}@media only screen and (max-width: 767px) {.tatsu-row > .tatsu-Bk074iMt0.tatsu-column{width: 100%;}}<\/style><\/div><div  class=\"tatsu-column  tatsu-bg-overlay tatsu-column-empty tatsu-one-half tatsu-hide-mobile tatsu-hide-tablet tatsu-column-image-none tatsu-column-effect-none  tatsu-r1xAmNizF0\"  data-parallax-speed=\"0\" style=\"\"><div class=\"tatsu-column-inner \" ><div class=\"tatsu-column-pad-wrap\"><div class=\"tatsu-column-pad\" ><\/div><\/div><div class = \"tatsu-column-bg-image-wrap\"><div class = \"tatsu-column-bg-image\" ><\/div><\/div><div class=\"tatsu-overlay tatsu-column-overlay tatsu-animate-none\" ><\/div><\/div><style>.tatsu-row > .tatsu-r1xAmNizF0.tatsu-column{width: 50%;}.tatsu-r1xAmNizF0.tatsu-column > .tatsu-column-inner > .tatsu-column-overlay{mix-blend-mode: normal;}.tatsu-r1xAmNizF0 > .tatsu-column-inner > .tatsu-top-divider{z-index: 9999;}.tatsu-r1xAmNizF0 > .tatsu-column-inner > .tatsu-bottom-divider{z-index: 9999;}.tatsu-r1xAmNizF0 > .tatsu-column-inner > .tatsu-left-divider{z-index: 9999;}.tatsu-r1xAmNizF0 > .tatsu-column-inner > .tatsu-right-divider{z-index: 9999;}@media only screen and (max-width:1377px) {.tatsu-row > .tatsu-r1xAmNizF0.tatsu-column{width: 50%;}}@media only screen and (min-width:768px) and (max-width: 1024px) {.tatsu-row > .tatsu-r1xAmNizF0.tatsu-column{width: 50%;}}@media only screen and (max-width: 767px) {.tatsu-row > .tatsu-r1xAmNizF0.tatsu-column{width: 100%;}}<\/style><\/div><\/div><\/div><\/div><div class=\"tatsu-section-background-wrap\"><div class = \"tatsu-section-background\" ><\/div><\/div><style>.tatsu-fqp90pf89idv9o75.tatsu-section{background-color: #ffffff;}.tatsu-fqp90pf89idv9o75{border-width: 0px 0px 1px 0px;border-color: #e2e2e2; border-style: solid;}.tatsu-fqp90pf89idv9o75 .tatsu-section-pad{padding: 200px 0% 80px 0%;}.tatsu-fqp90pf89idv9o75 > .tatsu-bottom-divider{z-index: 9999;}.tatsu-fqp90pf89idv9o75 > .tatsu-top-divider{z-index: 9999;}@media only screen and (max-width: 767px) {.tatsu-fqp90pf89idv9o75 .tatsu-section-pad{padding: 150px 0% 80px 0%;}}<\/style><\/div>\n","protected":false},"excerpt":{"rendered":"<p><a href=\"https:\/\/atelierclaverol.com\/index.php\/atelier\/\" class=\"more-link style2-button\">Read More<\/a><\/p>","protected":false},"author":1,"featured_media":0,"parent":0,"menu_order":0,"comment_status":"closed","ping_status":"closed","template":"","meta":{"_seopress_robots_primary_cat":"","_seopress_titles_title":"Atelier CLAVEROL - Architectes - \u00e0 propos","_seopress_titles_desc":"Marianne VERDOUX est une architecte DPLG diplom\u00e9e de l'\u00c9cole Nationale Sup\u00e9rieure d'Architecture et de Paysage de Bordeaux, en 2006. A ce titre, elle s'est engag\u00e9e \u00e0 respecter la charte d\u00e9ontologique aupr\u00e8s de l'ordre des architectes. Cela signifie que son engagement, mais aussi son devoir d'architecte se place au service de son client. Ce \u00e0 quoi elle s'applique avec passion depuis plus de 18 ans.","_seopress_robots_index":"","footnotes":""},"class_list":["post-9","page","type-page","status-publish","hentry"],"_links":{"self":[{"href":"https:\/\/atelierclaverol.com\/index.php\/wp-json\/wp\/v2\/pages\/9","targetHints":{"allow":["GET"]}}],"collection":[{"href":"https:\/\/atelierclaverol.com\/index.php\/wp-json\/wp\/v2\/pages"}],"about":[{"href":"https:\/\/atelierclaverol.com\/index.php\/wp-json\/wp\/v2\/types\/page"}],"author":[{"embeddable":true,"href":"https:\/\/atelierclaverol.com\/index.php\/wp-json\/wp\/v2\/users\/1"}],"replies":[{"embeddable":true,"href":"https:\/\/atelierclaverol.com\/index.php\/wp-json\/wp\/v2\/comments?post=9"}],"version-history":[{"count":54,"href":"https:\/\/atelierclaverol.com\/index.php\/wp-json\/wp\/v2\/pages\/9\/revisions"}],"predecessor-version":[{"id":4184,"href":"https:\/\/atelierclaverol.com\/index.php\/wp-json\/wp\/v2\/pages\/9\/revisions\/4184"}],"wp:attachment":[{"href":"https:\/\/atelierclaverol.com\/index.php\/wp-json\/wp\/v2\/media?parent=9"}],"curies":[{"name":"wp","href":"https:\/\/api.w.org\/{rel}","templated":true}]}}