{"id":2479,"date":"2014-10-05T09:49:13","date_gmt":"2014-10-05T09:49:13","guid":{"rendered":"http:\/\/www.brandexponents.com\/oshin\/v9\/?page_id=2479"},"modified":"2025-02-02T11:35:43","modified_gmt":"2025-02-02T10:35:43","slug":"projets","status":"publish","type":"page","link":"https:\/\/atelierclaverol.com\/index.php\/projets\/","title":{"rendered":"Projets"},"content":{"rendered":"<div  class=\"tatsu-fqp90q5l8bd28tnp tatsu-section    tatsu-clearfix\" data-title=\"\"  data-headerscheme=\"background--light\"><div class='tatsu-section-pad clearfix' data-padding='{\"d\":\"200px 0% 60px 0%\",\"m\":\"150px 0% 60px 0%\"}' data-padding-top='150px'><div class=\"tatsu-row-wrap  tatsu-row-full-width tatsu-row-one-col tatsu-row-has-one-cols tatsu-medium-gutter tatsu-reg-cols  tatsu-clearfix tatsu-fqp90q5l8q30ii42\" ><div  class=\"tatsu-row \" ><div  class=\"tatsu-column  tatsu-column-no-bg tatsu-one-col tatsu-column-image-none tatsu-column-effect-none  tatsu-fqp90q5l8y9y2e38\"  data-parallax-speed=\"0\" style=\"\"><div class=\"tatsu-column-inner \" ><div class=\"tatsu-column-pad-wrap\"><div class=\"tatsu-column-pad\" ><div  class = \"portfolio-all-wrap oshine-portfolio-module tatsu-fqp90q5l94crft0m\"  > <style>.tatsu-fqp90q5l94crft0m{padding: 0px 25px 0px 25px;}@media only screen and (min-width:768px) and (max-width: 1024px) {.tatsu-fqp90q5l94crft0m{padding: 0px 15px 0px 15px;}}@media only screen and (max-width: 767px) {.tatsu-fqp90q5l94crft0m{padding: 0px 10px 0px 10px;}}<\/style><div class=\"portfolio portfolio-delay-load portfolio-two-col-mobile full-screen  portfolio-lazy-load full-screen-gutter masonry_disable style1-gutter four-col \" data-animation = \"fadeInLeft\" data-action=\"get_ajax_full_screen_gutter_portfolio\" data-category=\"\" data-aspect-ratio = \"1.6\" data-enable-masonry=\"0\" data-showposts=\"-1\" data-paged=\"2\" data-col=\"four\" data-gallery=\"0\" data-filter=\"portfolio_categories\" data-meta_to_show=\"portfolio_categories\" data-show_filters=\"yes\" data-thumbnail-bg-color=\"\" data-thumbnail-bg-gradient=\"background:rgba(0,0,0,0.8)\" data-title-style=\"style3\" data-placeholder-color=\"\" data-cat-color=\"#ffffff\" data-title-color=\"#ffffff\" data-hover-style=\"style1-hover\"  data-gutter-width-t=\"18\"  data-gutter-width-m=\"12\"  data-gutter-width=\"22\" data-img-grayscale=\"c_to_c\"\" data-gradient-style-color=\"background:rgba(0,0,0,0.8)\" data-cat-hide=\"1\" data-like-indicator=\"1\" style=\"margin-right: 22px;\"><div class=\"filters clearfix border align-center\" style=\"margin-left:22px;\"><div class=\"filter_item\"><span class=\"sort current_choice\" data-id=\"element\">All<\/span><\/div><div class=\"filter_item\"><span class=\"sort\" data-id=\"particuliers\">Particuliers<\/span><\/div><div class=\"filter_item\"><span class=\"sort\" data-id=\"professionnels\">Professionnels<\/span><\/div><\/div><div class=\"portfolio-container clickable clearfix portfolio-shortcode  init-slide-left \"><div class=\"element be-hoverlay not-wide no-wide-width-height style1-hover c_to_c style3-title\"style=\"margin-bottom: 22px;\" data-category-names = \"professionnels \"><div class=\"element-inner\" style=\"margin-left: 22px;\"><a href=\"https:\/\/atelierclaverol.com\/index.php\/portfolio\/autosud\/\" class=\" thumb-wrap   \" data-gdpr-atts={} title=\"Photo 5-5-21 17 31 20\" ><div class=\"flip-wrap\" ><div   style = \"padding-bottom : 62.5%;;\" class=\"flip-img-wrap\"><img decoding=\"async\" src=\"https:\/\/atelierclaverol.com\/wp-content\/uploads\/2024\/12\/Photo-5-5-21-17-31-20-650x406.jpg\" alt=\"\"\/><\/div><\/div><div class=\"thumb-overlay \"><div class=\"thumb-bg \" style=\"background:rgba(0,0,0,0.8)\"><div class=\"thumb-title-wrap \"><div class=\"thumb-title animated animation-trigger\" data-animation-type=\"none\"style=\"color:#ffffff;\">Autosud<\/div><\/div><\/div><\/div><\/a><\/div><\/div><div class=\"element be-hoverlay not-wide no-wide-width-height style1-hover c_to_c style3-title\"style=\"margin-bottom: 22px;\" data-category-names = \"professionnels \"><div class=\"element-inner\" style=\"margin-left: 22px;\"><a href=\"https:\/\/atelierclaverol.com\/index.php\/portfolio\/abitarekids\/\" class=\" thumb-wrap   \" data-gdpr-atts={} title=\"DSC_0154-Edit-web\" ><div class=\"flip-wrap\" ><div   style = \"padding-bottom : 62.5%;;\" class=\"flip-img-wrap\"><img decoding=\"async\" src=\"https:\/\/atelierclaverol.com\/wp-content\/uploads\/2024\/12\/DSC_0154-Edit-web-650x406.jpg\" alt=\"\"\/><\/div><\/div><div class=\"thumb-overlay \"><div class=\"thumb-bg \" style=\"background:rgba(0,0,0,0.8)\"><div class=\"thumb-title-wrap \"><div class=\"thumb-title animated animation-trigger\" data-animation-type=\"none\"style=\"color:#ffffff;\">Abitarekids<\/div><\/div><\/div><\/div><\/a><\/div><\/div><div class=\"element be-hoverlay not-wide no-wide-width-height style1-hover c_to_c style3-title\"style=\"margin-bottom: 22px;\" data-category-names = \"particuliers \"><div class=\"element-inner\" style=\"margin-left: 22px;\"><a href=\"https:\/\/atelierclaverol.com\/index.php\/portfolio\/placa-mons\/\" class=\" thumb-wrap   \" data-gdpr-atts={} title=\"PLAC\u0327A-MONS_web-14\" ><div class=\"flip-wrap\" ><div   style = \"padding-bottom : 62.5%;;\" class=\"flip-img-wrap\"><img decoding=\"async\" src=\"https:\/\/atelierclaverol.com\/wp-content\/uploads\/2024\/08\/PLACA-MONS_web-14-650x406.jpg\" alt=\"\"\/><\/div><\/div><div class=\"thumb-overlay \"><div class=\"thumb-bg \" style=\"background:rgba(0,0,0,0.8)\"><div class=\"thumb-title-wrap \"><div class=\"thumb-title animated animation-trigger\" data-animation-type=\"none\"style=\"color:#ffffff;\">Pla\u00e7a Mons<\/div><\/div><\/div><\/div><\/a><\/div><\/div><div class=\"element be-hoverlay not-wide no-wide-width-height style1-hover c_to_c style3-title\"style=\"margin-bottom: 22px;\" data-category-names = \"particuliers \"><div class=\"element-inner\" style=\"margin-left: 22px;\"><a href=\"https:\/\/atelierclaverol.com\/index.php\/portfolio\/tenor-masini\/\" class=\" thumb-wrap   \" data-gdpr-atts={} title=\"TENOR-MASINI_web-05\" ><div class=\"flip-wrap\" ><div   style = \"padding-bottom : 62.5%;;\" class=\"flip-img-wrap\"><img decoding=\"async\" src=\"https:\/\/atelierclaverol.com\/wp-content\/uploads\/2024\/08\/TENOR-MASINI_web-05-650x406.jpg\" alt=\"\"\/><\/div><\/div><div class=\"thumb-overlay \"><div class=\"thumb-bg \" style=\"background:rgba(0,0,0,0.8)\"><div class=\"thumb-title-wrap \"><div class=\"thumb-title animated animation-trigger\" data-animation-type=\"none\"style=\"color:#ffffff;\">Tenor Masini<\/div><\/div><\/div><\/div><\/a><\/div><\/div><div class=\"element be-hoverlay not-wide no-wide-width-height style1-hover c_to_c style3-title\"style=\"margin-bottom: 22px;\" data-category-names = \"particuliers \"><div class=\"element-inner\" style=\"margin-left: 22px;\"><a href=\"https:\/\/atelierclaverol.com\/index.php\/portfolio\/travessera\/\" class=\" thumb-wrap   \" data-gdpr-atts={} title=\"TRAVESSERA 262_web 06\" ><div class=\"flip-wrap\" ><div   style = \"padding-bottom : 62.5%;;\" class=\"flip-img-wrap\"><img decoding=\"async\" src=\"https:\/\/atelierclaverol.com\/wp-content\/uploads\/2024\/08\/TRAVESSERA-262_web-06-650x406.jpg\" alt=\"\"\/><\/div><\/div><div class=\"thumb-overlay \"><div class=\"thumb-bg \" style=\"background:rgba(0,0,0,0.8)\"><div class=\"thumb-title-wrap \"><div class=\"thumb-title animated animation-trigger\" data-animation-type=\"none\"style=\"color:#ffffff;\">Travessera<\/div><\/div><\/div><\/div><\/a><\/div><\/div><div class=\"element be-hoverlay not-wide no-wide-width-height style1-hover c_to_c style3-title\"style=\"margin-bottom: 22px;\" data-category-names = \"professionnels \"><div class=\"element-inner\" style=\"margin-left: 22px;\"><a href=\"https:\/\/atelierclaverol.com\/index.php\/portfolio\/urrugne\/\" class=\" thumb-wrap   \" data-gdpr-atts={} title=\"02\" ><div class=\"flip-wrap\" ><div   style = \"padding-bottom : 62.5%;;\" class=\"flip-img-wrap\"><img decoding=\"async\" src=\"https:\/\/atelierclaverol.com\/wp-content\/uploads\/2024\/08\/02-650x406.jpg\" alt=\"\"\/><\/div><\/div><div class=\"thumb-overlay \"><div class=\"thumb-bg \" style=\"background:rgba(0,0,0,0.8)\"><div class=\"thumb-title-wrap \"><div class=\"thumb-title animated animation-trigger\" data-animation-type=\"none\"style=\"color:#ffffff;\">Cabinet Osasuna<\/div><\/div><\/div><\/div><\/a><\/div><\/div><div class=\"element be-hoverlay not-wide no-wide-width-height style1-hover c_to_c style3-title\"style=\"margin-bottom: 22px;\" data-category-names = \"professionnels \"><div class=\"element-inner\" style=\"margin-left: 22px;\"><a href=\"https:\/\/atelierclaverol.com\/index.php\/portfolio\/maxillo-facial\/\" class=\" thumb-wrap   \" data-gdpr-atts={} title=\"MAXILLO-FACIAL-PAYS-BASQUE_web-02\" ><div class=\"flip-wrap\" ><div   style = \"padding-bottom : 62.5%;;\" class=\"flip-img-wrap\"><img decoding=\"async\" src=\"https:\/\/atelierclaverol.com\/wp-content\/uploads\/2024\/08\/MAXILLO-FACIAL-PAYS-BASQUE_web-02-650x406.jpg\" alt=\"\"\/><\/div><\/div><div class=\"thumb-overlay \"><div class=\"thumb-bg \" style=\"background:rgba(0,0,0,0.8)\"><div class=\"thumb-title-wrap \"><div class=\"thumb-title animated animation-trigger\" data-animation-type=\"none\"style=\"color:#ffffff;\">Maxillo Facial<\/div><\/div><\/div><\/div><\/a><\/div><\/div><div class=\"element be-hoverlay not-wide no-wide-width-height style1-hover c_to_c style3-title\"style=\"margin-bottom: 22px;\" data-category-names = \"particuliers \"><div class=\"element-inner\" style=\"margin-left: 22px;\"><a href=\"https:\/\/atelierclaverol.com\/index.php\/portfolio\/orue-albizuri\/\" class=\" thumb-wrap   \" data-gdpr-atts={} title=\"ORUE-ALBIZURI_02\" ><div class=\"flip-wrap\" ><div   style = \"padding-bottom : 62.5%;;\" class=\"flip-img-wrap\"><img decoding=\"async\" src=\"https:\/\/atelierclaverol.com\/wp-content\/uploads\/2024\/08\/ORUE-ALBIZURI_02-650x406.jpg\" alt=\"\"\/><\/div><\/div><div class=\"thumb-overlay \"><div class=\"thumb-bg \" style=\"background:rgba(0,0,0,0.8)\"><div class=\"thumb-title-wrap \"><div class=\"thumb-title animated animation-trigger\" data-animation-type=\"none\"style=\"color:#ffffff;\">Orue Albizuri maison<\/div><\/div><\/div><\/div><\/a><\/div><\/div><div class=\"element be-hoverlay not-wide no-wide-width-height style1-hover c_to_c style3-title\"style=\"margin-bottom: 22px;\" data-category-names = \"professionnels \"><div class=\"element-inner\" style=\"margin-left: 22px;\"><a href=\"https:\/\/atelierclaverol.com\/index.php\/portfolio\/ophtalea\/\" class=\" thumb-wrap   \" data-gdpr-atts={} title=\"OPHTALEA_web-07\" ><div class=\"flip-wrap\" ><div   style = \"padding-bottom : 62.5%;;\" class=\"flip-img-wrap\"><img decoding=\"async\" src=\"https:\/\/atelierclaverol.com\/wp-content\/uploads\/2024\/08\/OPHTALEA_web-07-650x406.jpg\" alt=\"\"\/><\/div><\/div><div class=\"thumb-overlay \"><div class=\"thumb-bg \" style=\"background:rgba(0,0,0,0.8)\"><div class=\"thumb-title-wrap \"><div class=\"thumb-title animated animation-trigger\" data-animation-type=\"none\"style=\"color:#ffffff;\">Ophtalea<\/div><\/div><\/div><\/div><\/a><\/div><\/div><div class=\"element be-hoverlay not-wide no-wide-width-height style1-hover c_to_c style3-title\"style=\"margin-bottom: 22px;\" data-category-names = \"professionnels \"><div class=\"element-inner\" style=\"margin-left: 22px;\"><a href=\"https:\/\/atelierclaverol.com\/index.php\/portfolio\/orbea-campus-bcn\/\" class=\" thumb-wrap   \" data-gdpr-atts={} title=\"ORBEA CAMPUS BCN_web 233\" ><div class=\"flip-wrap\" ><div   style = \"padding-bottom : 62.5%;;\" class=\"flip-img-wrap\"><img decoding=\"async\" src=\"https:\/\/atelierclaverol.com\/wp-content\/uploads\/2024\/08\/ORBEA-CAMPUS-BCN_web-233-650x406.jpg\" alt=\"\"\/><\/div><\/div><div class=\"thumb-overlay \"><div class=\"thumb-bg \" style=\"background:rgba(0,0,0,0.8)\"><div class=\"thumb-title-wrap \"><div class=\"thumb-title animated animation-trigger\" data-animation-type=\"none\"style=\"color:#ffffff;\">Orbea Campus BCN<\/div><\/div><\/div><\/div><\/a><\/div><\/div><div class=\"element be-hoverlay not-wide no-wide-width-height style1-hover c_to_c style3-title\"style=\"margin-bottom: 22px;\" data-category-names = \"professionnels \"><div class=\"element-inner\" style=\"margin-left: 22px;\"><a href=\"https:\/\/atelierclaverol.com\/index.php\/portfolio\/estrella\/\" class=\" thumb-wrap   \" data-gdpr-atts={} title=\"ESTRELLA_web-02\" ><div class=\"flip-wrap\" ><div   style = \"padding-bottom : 62.5%;;\" class=\"flip-img-wrap\"><img decoding=\"async\" src=\"https:\/\/atelierclaverol.com\/wp-content\/uploads\/2024\/07\/ESTRELLA_web-02-650x406.jpg\" alt=\"\"\/><\/div><\/div><div class=\"thumb-overlay \"><div class=\"thumb-bg \" style=\"background:rgba(0,0,0,0.8)\"><div class=\"thumb-title-wrap \"><div class=\"thumb-title animated animation-trigger\" data-animation-type=\"none\"style=\"color:#ffffff;\">Estrella<\/div><\/div><\/div><\/div><\/a><\/div><\/div><div class=\"element be-hoverlay not-wide no-wide-width-height style1-hover c_to_c style3-title\"style=\"margin-bottom: 22px;\" data-category-names = \"particuliers \"><div class=\"element-inner\" style=\"margin-left: 22px;\"><a href=\"https:\/\/atelierclaverol.com\/index.php\/portfolio\/casa-sant-julia\/\" class=\" thumb-wrap   \" data-gdpr-atts={} title=\"CASA-SANT-JULIA\u0300_web-03\" ><div class=\"flip-wrap\" ><div   style = \"padding-bottom : 62.5%;;\" class=\"flip-img-wrap\"><img decoding=\"async\" src=\"https:\/\/atelierclaverol.com\/wp-content\/uploads\/2014\/11\/CASA-SANT-JULIA_web-03-650x406.jpg\" alt=\"\"\/><\/div><\/div><div class=\"thumb-overlay \"><div class=\"thumb-bg \" style=\"background:rgba(0,0,0,0.8)\"><div class=\"thumb-title-wrap \"><div class=\"thumb-title animated animation-trigger\" data-animation-type=\"none\"style=\"color:#ffffff;\">Casa Sant Julia<\/div><\/div><\/div><\/div><\/a><\/div><\/div><div class=\"element be-hoverlay not-wide no-wide-width-height style1-hover c_to_c style3-title\"style=\"margin-bottom: 22px;\" data-category-names = \"professionnels \"><div class=\"element-inner\" style=\"margin-left: 22px;\"><a href=\"https:\/\/atelierclaverol.com\/index.php\/portfolio\/eclat-clinique\/\" class=\" thumb-wrap   \" data-gdpr-atts={} title=\"E\u0301CLAT-CLINIQUE_web-02\" ><div class=\"flip-wrap\" ><div   style = \"padding-bottom : 62.5%;;\" class=\"flip-img-wrap\"><img decoding=\"async\" src=\"https:\/\/atelierclaverol.com\/wp-content\/uploads\/2024\/07\/ECLAT-CLINIQUE_web-02-650x406.jpg\" alt=\"\"\/><\/div><\/div><div class=\"thumb-overlay \"><div class=\"thumb-bg \" style=\"background:rgba(0,0,0,0.8)\"><div class=\"thumb-title-wrap \"><div class=\"thumb-title animated animation-trigger\" data-animation-type=\"none\"style=\"color:#ffffff;\">Eclat Clinique<\/div><\/div><\/div><\/div><\/a><\/div><\/div><div class=\"element be-hoverlay not-wide no-wide-width-height style1-hover c_to_c style3-title\"style=\"margin-bottom: 22px;\" data-category-names = \"particuliers \"><div class=\"element-inner\" style=\"margin-left: 22px;\"><a href=\"https:\/\/atelierclaverol.com\/index.php\/portfolio\/can-badia\/\" class=\" thumb-wrap   \" data-gdpr-atts={} title=\"CAN-BADIA_web-12\" ><div class=\"flip-wrap\" ><div   style = \"padding-bottom : 62.5%;;\" class=\"flip-img-wrap\"><img decoding=\"async\" src=\"https:\/\/atelierclaverol.com\/wp-content\/uploads\/2008\/07\/CAN-BADIA_web-12-650x406.jpg\" alt=\"\"\/><\/div><\/div><div class=\"thumb-overlay \"><div class=\"thumb-bg \" style=\"background:rgba(0,0,0,0.8)\"><div class=\"thumb-title-wrap \"><div class=\"thumb-title animated animation-trigger\" data-animation-type=\"none\"style=\"color:#ffffff;\">Can Badia<\/div><\/div><\/div><\/div><\/a><\/div><\/div><\/div><\/div><\/div><\/div><\/div><div class = \"tatsu-column-bg-image-wrap\"><div class = \"tatsu-column-bg-image\" ><\/div><\/div><\/div><style>.tatsu-row > .tatsu-fqp90q5l8y9y2e38.tatsu-column{width: 100%;}.tatsu-fqp90q5l8y9y2e38.tatsu-column > .tatsu-column-inner > .tatsu-column-overlay{mix-blend-mode: none;}.tatsu-fqp90q5l8y9y2e38 > .tatsu-column-inner > .tatsu-top-divider{z-index: 9999;}.tatsu-fqp90q5l8y9y2e38 > .tatsu-column-inner > .tatsu-bottom-divider{z-index: 9999;}.tatsu-fqp90q5l8y9y2e38 > .tatsu-column-inner > .tatsu-left-divider{z-index: 9999;}.tatsu-fqp90q5l8y9y2e38 > .tatsu-column-inner > .tatsu-right-divider{z-index: 9999;}<\/style><\/div><\/div><\/div><\/div><div class=\"tatsu-section-background-wrap\"><div class = \"tatsu-section-background\" ><\/div><\/div><style>.tatsu-fqp90q5l8bd28tnp .tatsu-section-pad{padding: 200px 0% 60px 0%;}.tatsu-fqp90q5l8bd28tnp > .tatsu-bottom-divider{z-index: 9999;}.tatsu-fqp90q5l8bd28tnp > .tatsu-top-divider{z-index: 9999;}@media only screen and (max-width: 767px) {.tatsu-fqp90q5l8bd28tnp .tatsu-section-pad{padding: 150px 0% 60px 0%;}}<\/style><\/div>\n","protected":false},"excerpt":{"rendered":"<p><a href=\"https:\/\/atelierclaverol.com\/index.php\/portfolio\/can-badia\/\" class=\"more-link style2-button\">Read More<\/a><\/p>","protected":false},"author":1,"featured_media":0,"parent":0,"menu_order":0,"comment_status":"closed","ping_status":"closed","template":"","meta":{"_seopress_robots_primary_cat":"","_seopress_titles_title":"Atelier CLAVEROL - Architectes - Projets","_seopress_titles_desc":"Marianne VERDOUX est une architecte DPLG diplom\u00e9e de l'\u00c9cole Nationale Sup\u00e9rieure d'Architecture et de Paysage de Bordeaux, en 2006. A ce titre, elle s'est engag\u00e9e \u00e0 respecter la charte d\u00e9ontologique aupr\u00e8s de l'ordre des architectes. Cela signifie que son engagement, mais aussi son devoir d'architecte se place au service de son client. Ce \u00e0 quoi elle s'applique avec passion depuis plus de 18 ans.","_seopress_robots_index":"","footnotes":""},"class_list":["post-2479","page","type-page","status-publish","hentry"],"_links":{"self":[{"href":"https:\/\/atelierclaverol.com\/index.php\/wp-json\/wp\/v2\/pages\/2479","targetHints":{"allow":["GET"]}}],"collection":[{"href":"https:\/\/atelierclaverol.com\/index.php\/wp-json\/wp\/v2\/pages"}],"about":[{"href":"https:\/\/atelierclaverol.com\/index.php\/wp-json\/wp\/v2\/types\/page"}],"author":[{"embeddable":true,"href":"https:\/\/atelierclaverol.com\/index.php\/wp-json\/wp\/v2\/users\/1"}],"replies":[{"embeddable":true,"href":"https:\/\/atelierclaverol.com\/index.php\/wp-json\/wp\/v2\/comments?post=2479"}],"version-history":[{"count":15,"href":"https:\/\/atelierclaverol.com\/index.php\/wp-json\/wp\/v2\/pages\/2479\/revisions"}],"predecessor-version":[{"id":4013,"href":"https:\/\/atelierclaverol.com\/index.php\/wp-json\/wp\/v2\/pages\/2479\/revisions\/4013"}],"wp:attachment":[{"href":"https:\/\/atelierclaverol.com\/index.php\/wp-json\/wp\/v2\/media?parent=2479"}],"curies":[{"name":"wp","href":"https:\/\/api.w.org\/{rel}","templated":true}]}}